{"id":580,"date":"2026-01-21T15:55:53","date_gmt":"2026-01-21T14:55:53","guid":{"rendered":"https:\/\/lasbuitreras.nubedev.es\/privacy-policy\/"},"modified":"2026-03-12T14:14:08","modified_gmt":"2026-03-12T13:14:08","slug":"privacy-policy","status":"publish","type":"page","link":"https:\/\/hotellasbuitreras.com\/en\/privacy-policy\/","title":{"rendered":"Privacy Policy"},"content":{"rendered":"<div class=\"w-full flex flex-col relative justify-center min-h-[70vh]\" style=\"background-image: url(https:\/\/hotellasbuitreras.com\/wp-content\/uploads\/2026\/02\/2016-04-04-09.21.26-635x480-1.webp); background-color: #f8f9fa; background-size: cover; background-position: center; background-repeat: no-repeat;\" data-hero-block>\n                <div class=\"absolute inset-0 w-full min-h-[70vh]\" style=\"background-color: #2a1b0d; opacity: 0.3;\"><\/div>\n        <div\n        class=\"container mx-auto relative z-10 flex flex-col items-center justify-center gap-6 sm:gap-8 lg:gap-6 px-4 lg:px-8 xl:px-12 py-6 sm:py-8 lg:py-6 mb-20\">\n        \n        <div class=\"flex flex-col gap-4 sm:gap-5 md:gap-6 lg:gap-5 items-center w-full max-w-4xl\">\n            \n            <div class=\"flex flex-col gap-3 sm:gap-4 items-center text-center\">\n                \n                                    <h1 class=\"uppercase text-3xl sm:text-4xl md:text-5xl lg:text-5xl xl:text-6xl font-serif leading-tight text-secondary\">\n                        Privacy Policy\n                        <\/h1>\n                \n                            <\/div>\n\n            \n            <div class=\"w-px h-10 sm:h-12 md:h-16 lg:h-12 bg-secondary\"><\/div>\n\n            \n                            <div class=\"flex flex-row gap-4 sm:gap-5 md:gap-6 lg:gap-5 items-center justify-center flex-wrap\">\n                                            <img decoding=\"async\" src=\"https:\/\/hotellasbuitreras.com\/wp-content\/uploads\/2026\/02\/Relax.svg\" alt=\"Relax\"\n                            class=\"w-8 h-8 sm:w-10 sm:h-10 md:w-12 md:h-12 lg:w-10 lg:h-10 object-contain\">\n                                            <img decoding=\"async\" src=\"https:\/\/hotellasbuitreras.com\/wp-content\/uploads\/2026\/02\/Naturaleza.svg\" alt=\"icono naturaleza\"\n                            class=\"w-8 h-8 sm:w-10 sm:h-10 md:w-12 md:h-12 lg:w-10 lg:h-10 object-contain\">\n                                            <img decoding=\"async\" src=\"https:\/\/hotellasbuitreras.com\/wp-content\/uploads\/2026\/02\/Aventura.svg\" alt=\"Aventura\"\n                            class=\"w-8 h-8 sm:w-10 sm:h-10 md:w-12 md:h-12 lg:w-10 lg:h-10 object-contain\">\n                                    <\/div>\n            \n            \n            \n                    <\/div>\n\n        \n                    <div class=\"absolute bottom-2 sm:bottom-4 lg:bottom-3 right-0 lg:right-4 xl:right-20\">\n                <img decoding=\"async\" src=\"https:\/\/hotellasbuitreras.com\/wp-content\/uploads\/2026\/02\/Capa_1.png\" alt=\"icono mejor precio Las Buitreras\"\n                    class=\"size-16 sm:size-20 md:size-32 lg:size-36 2xl:size-40 object-contain\">\n            <\/div>\n            <\/div>\n\n    \n            <div class=\"absolute bottom-0 left-0 right-0 w-full bg-primary text-background z-20\" data-booking-form>\n            <div class=\"container mx-auto px-4 lg:px-12 lg:max-w-4xl xl:px-16 xl:max-w-5xl 2xl:px-12 2xl:max-w-7xl\">\n                \n\n<div class=\"container\">\n\n   <div class=\"row\" id=\"ojk-container\">\n\n      <div class=\"col-md-12 pl-0 pr-0 mb-4\">\n\n         \n<form id=\"reserved-form-horizontal\" class=\"shadow-down pt-3\" action=\"\" style=\"background-color: #9e4a2b\">\n\n   <input type=\"hidden\" id=\"lang-calendar\" value=\"en-US\">\n\n   <div class=\"form-row align-items-top\" id=\"form-reserved-date\">\n\n      <div class=\"col-6 col-sm-4 col-md-4 col-lg-4\">\n\n         <div class=\"row lightpick-daterange\">\n\n            <div class=\"col-12 pr-1\">\n\n               <label class=\"sr-only\" for=\"check_in_date\">Check In<\/label>\n\n               <div class=\"input-group mb-2 pr-2\">\n\n                  <input type=\"text\" class=\"form-control lightpick-date\" id=\"check_in_date\" placeholder=\"Check In\" required name=\"check_in_date\" value=\"04\/05\/2026\">\n\n                  <div class=\"input-group-prepend\">\n\n                     <div class=\"input-group-text\" style=\"background-color: #ffffff;color: #fff\">\n                        <i class=\"fa fa-calendar\"><\/i>\n                     <\/div>\n                  <\/div>\n               <\/div>\n            <\/div>\n         <\/div>\n      <\/div>\n\n      <input type=\"hidden\" id=\"date-error\" value=\"You have selected a wrong date\">\n\n      <!-- adultos y ni\u00f1os -->\n\n      <div class=\"col-6 col-sm-4 col-md-3 col-lg-3\" id=\"adults-childs-wrap\">\n\n         \n<div class=\"dropdown\">\n   <button\n      style=\"width: 100%;padding-left: 5px; padding-right:5px;background-color: #ffffff; color: #9e4a2b\"\n      class=\"btn dropdown-toggle\" type=\"button\" id=\"active-dropdown\" data-toggle=\"dropdown\" aria-haspopup=\"true\"\n      aria-expanded=\"false\">\n      <label\n         style=\"margin: 0!important;padding:6px 0 0 0 ;line-height: 12px;width: 85%;color: #9e4a2b\">\n         1 Room 2 Adults\n      <\/label>\n      <span class=\"caret\"><\/span>\n   <\/button>\n\n   <ul class=\"dropdown-menu\" aria-labelledby=\"about-us\">\n\n      <div style=\"overflow-y: auto;max-height: 450px\" id=\"adults-childs-wrapper\">\n                     <li id=\"row-1\">\n               <div class=\"dropdown-title\">\n                  <label>Room <span>1<\/span><\/label>\n\n                  \n               <\/div>\n               <div class=\"dropdown adults\">\n                  <label>Adults<\/label>\n                  <span class=\"dropdown numeric-input\">\n                     <i class=\"fa fa-minus minus\" data-input=\"1-adults\" data-operation=\"-\"><\/i>\n                     <span\n                        class=\"adult-text text-1-adults\">2<\/span>\n                     <i class=\"fa fa-plus plus\" data-input=\"1-adults\" data-operation=\"+\"><\/i>\n\n                     <input type=\"hidden\" name=\"room1-adults\"\n                        value=\"2\">\n                  <\/span>\n               <\/div>\n\n\n               \n                  <div class=\"dropdown childs\">\n                     <label>Children<\/label>\n                     <span class=\"dropdown numeric-input\">\n                        <i class=\"fa fa-minus minus\" data-input=\"1-childs\" data-operation=\"-\"><\/i>\n                        <span\n                           class=\"child-text text-1-childs\">0<\/span>\n                        <i class=\"fa fa-plus plus\" data-input=\"1-childs\" data-operation=\"+\"><\/i>\n\n                        <input type=\"hidden\" name=\"room1-childs\"\n                           value=\"0\">\n                     <\/span>\n                  <\/div>\n\n               \n            <\/li>\n\n               <\/div>\n\n      <div class=\"footer-dropdown\">\n         <button type=\"button\" id=\"add-room\">\n            <i class=\"fa fa-plus\"> <\/i> Add Room         <\/button>\n         <span style=\"display: none\" id=\"info-more-rooms\"><\/span>\n         <button type=\"button\" id=\"confirm-add-room\"><span\n               style=\"width: 100%;\">Confirm<\/span><\/button>\n      <\/div>\n   <\/ul>\n\n<\/div>\n      <\/div>\n      <!-- fin adultos ni\u00f1os -->\n\n      <input type=\"hidden\" name=\"num_rooms\" id=\"num-rooms\" value=\"1\">\n\n      <div class=\"col-6 col-sm-4 col-md-3 col-lg-3 pr-0\" id=\"add-promocode\" >\n         <div class=\"input-group pr-1\">\n            <input type=\"text\" value=\"\" id=\"promo-code\"  name=\"promotion_code\" class=\"form-control\" placeholder=\"Promotional code\">\n            <div class=\"input-group-text\" style=\"background-color: #ffffff;color: #fff;border-radius:0\">\n                  <i class=\"fa fa-ticket\"><\/i>\n\n            <\/div>\n\n         <\/div>\n      <\/div>\n\n      <div class=\"col-6 col-sm-12 col-md-2 text-right button-booking-wrapper\">\n\n         <div class=\"input-group mb-2 mr-sm-2 mt-xs-3 \">\n\n            <button type=\"submit\" style=\"color:#9e4a2b; background-color: #ffffff\" class=\"btn\"> Book Now<\/button>\n\n         <\/div>\n\n      <\/div>\n\n   <\/div>\n\n<\/form>\n\n<input type=\"hidden\" id=\"trans-adults\" value=\"Adults\">\n<input type=\"hidden\" id=\"trans-childs\" value=\"Children\">\n<input type=\"hidden\" id=\"trans-remove\" value=\"Remove\">\n\n<input type=\"hidden\" id=\"trans-room\" value=\"Room\">\n<input type=\"hidden\" id=\"trans-apartament\" value=\"Apartment\">\n<input type=\"hidden\" id=\"more-rooms\" value=\"To book more rooms\">\n\n<input type=\"hidden\" id=\"nss-email\" value=\"direccion@hotellasbuitreras.com\">\n<input type=\"hidden\" id=\"no-apartaments\" value=\"At the moment we do not have more rooms\">\n\n<script type=\"text\/javascript\" src=\" https:\/\/cdnjs.cloudflare.com\/ajax\/libs\/popper.js\/1.11.0\/umd\/popper.min.js\"><\/script>\n<!-- include input widgets; this is independent of Datepair.js -->\n\n\n      <\/div>\n\n   <\/div>\n\n<\/div>\n            <\/div>\n        <\/div>\n    <\/div>\n\n\n<section class=\"container mx-auto py-10 2xl:px-0 xl:px-20 px-10\">\n    \n            <div class=\"prose prose-base max-w-full\">\n            <h3><b>PRIVACY POLICY (GDPR)<\/b><\/h3>\n<h3><b>1.1. Data Controller<\/b><\/h3>\n<ul>\n<li style=\"font-weight: 400;\" aria-level=\"1\"><b>Company Name:<\/b><span style=\"font-weight: 400;\"> HOTEL LAS BUITRERAS S.L.<\/span><\/li>\n<li style=\"font-weight: 400;\" aria-level=\"1\"><b>Tax ID (CIF):<\/b><span style=\"font-weight: 400;\"> B93403566<\/span><\/li>\n<li style=\"font-weight: 400;\" aria-level=\"1\"><b>Address:<\/b><span style=\"font-weight: 400;\"> C\/ \u00d3palo Bloq 1 &#8211; Bajo 2A, Urbanizaci\u00f3n Balc\u00f3n del Golf, 29649, Mijas (M\u00e1laga).<\/span><\/li>\n<li style=\"font-weight: 400;\" aria-level=\"1\"><b>DPO\/Privacy Contact:<\/b><span style=\"font-weight: 400;\"> direccion@hotellasbuitreras.com<\/span><\/li>\n<\/ul>\n<h3><b>1.2. Purpose of Processing<\/b><\/h3>\n<p><span style=\"font-weight: 400;\">The personal data provided by the user will be processed for the following purposes:<\/span><\/p>\n<ol>\n<li style=\"font-weight: 400;\" aria-level=\"1\"><b>Management of bookings and hotel services:<\/b><span style=\"font-weight: 400;\"> Execution of the accommodation contract and auxiliary services.<\/span><\/li>\n<li style=\"font-weight: 400;\" aria-level=\"1\"><b>Handling inquiries:<\/b><span style=\"font-weight: 400;\"> Resolving doubts raised through contact forms.<\/span><\/li>\n<li style=\"font-weight: 400;\" aria-level=\"1\"><b>Legal obligations:<\/b><span style=\"font-weight: 400;\"> Communication of data to State Law Enforcement Agencies (Traveler Registry) in accordance with current regulations.<\/span><\/li>\n<li style=\"font-weight: 400;\" aria-level=\"1\"><b>Commercial communications:<\/b><span style=\"font-weight: 400;\"> Provided there is explicit consent from the data subject.<\/span><\/li>\n<\/ol>\n<h3><b>1.3. Lawful Basis<\/b><\/h3>\n<p><span style=\"font-weight: 400;\">The legal basis for processing your data is:<\/span><\/p>\n<ul>\n<li style=\"font-weight: 400;\" aria-level=\"1\"><span style=\"font-weight: 400;\">The <\/span><b>execution of a contract<\/b><span style=\"font-weight: 400;\"> or application of pre-contractual measures (bookings).<\/span><\/li>\n<li style=\"font-weight: 400;\" aria-level=\"1\"><span style=\"font-weight: 400;\">The <\/span><b>consent<\/b><span style=\"font-weight: 400;\"> of the data subject for inquiries and sending commercial information.<\/span><\/li>\n<li style=\"font-weight: 400;\" aria-level=\"1\"><span style=\"font-weight: 400;\">The <\/span><b>compliance with legal obligations<\/b><span style=\"font-weight: 400;\"> applicable to the controller.<\/span><\/li>\n<\/ul>\n<h3><b>1.4. Retention Periods<\/b><\/h3>\n<p><span style=\"font-weight: 400;\">Data will be kept for the time necessary to fulfill the purpose for which it was collected and to determine any possible liabilities that could arise from said purpose and the processing of the data, complying at least with the legal tax and administrative limitation periods.<\/span><\/p>\n<h3><b>1.5. ARCO-POL Rights<\/b><\/h3>\n<p><span style=\"font-weight: 400;\">The user can exercise their rights of <\/span><b>Access, Rectification, Cancellation\/Erasure (Right to be Forgotten), Objection, Portability, and Restriction of processing<\/b><span style=\"font-weight: 400;\"> by writing to the entity&#8217;s registered office or to the email direccion@hotellasbuitreras.com, attaching a copy of their ID or equivalent document. Likewise, you have the right to withdraw the consent provided at any time and to lodge a complaint with the Spanish Data Protection Agency (www.aepd.es).<\/span><\/p>\n\n        <\/div>\n    \n<\/section>\n","protected":false},"excerpt":{"rendered":"","protected":false},"author":1,"featured_media":0,"parent":0,"menu_order":0,"comment_status":"closed","ping_status":"closed","template":"","meta":{"_acf_changed":false,"inline_featured_image":false,"footnotes":""},"class_list":["post-580","page","type-page","status-publish","hentry"],"acf":[],"_links":{"self":[{"href":"https:\/\/hotellasbuitreras.com\/en\/wp-json\/wp\/v2\/pages\/580","targetHints":{"allow":["GET"]}}],"collection":[{"href":"https:\/\/hotellasbuitreras.com\/en\/wp-json\/wp\/v2\/pages"}],"about":[{"href":"https:\/\/hotellasbuitreras.com\/en\/wp-json\/wp\/v2\/types\/page"}],"author":[{"embeddable":true,"href":"https:\/\/hotellasbuitreras.com\/en\/wp-json\/wp\/v2\/users\/1"}],"replies":[{"embeddable":true,"href":"https:\/\/hotellasbuitreras.com\/en\/wp-json\/wp\/v2\/comments?post=580"}],"version-history":[{"count":2,"href":"https:\/\/hotellasbuitreras.com\/en\/wp-json\/wp\/v2\/pages\/580\/revisions"}],"predecessor-version":[{"id":760,"href":"https:\/\/hotellasbuitreras.com\/en\/wp-json\/wp\/v2\/pages\/580\/revisions\/760"}],"wp:attachment":[{"href":"https:\/\/hotellasbuitreras.com\/en\/wp-json\/wp\/v2\/media?parent=580"}],"curies":[{"name":"wp","href":"https:\/\/api.w.org\/{rel}","templated":true}]}}